{"id":54395,"date":"2017-12-07T14:57:11","date_gmt":"2017-12-07T13:57:11","guid":{"rendered":"https:\/\/content.crosscall.com\/distributor-area\/"},"modified":"2024-06-04T16:03:05","modified_gmt":"2024-06-04T15:03:05","slug":"area-de-distribuidores","status":"publish","type":"page","link":"https:\/\/content.crosscall.com\/es\/area-de-distribuidores\/","title":{"rendered":"\u00c1REA DE DISTRIBUIDORES"},"content":{"rendered":"<p>[et_pb_section bb_built=\u00bb1&#8243; admin_label=\u00bbsection\u00bb specialty=\u00bboff\u00bb disabled=\u00bboff\u00bb disabled_on=\u00bboff|off|off\u00bb _builder_version=\u00bb3.25.4&#8243; background_image=\u00bbhttp:\/\/content.crosscall.com\/wp-content\/uploads\/2024\/06\/Header_Espace-Distributeur-2.jpg\u00bb custom_padding_tablet=\u00bb50px|0|50px|0&#8243; custom_padding_last_edited=\u00bbon|desktop\u00bb next_background_color=\u00bb#ffffff\u00bb inner_max_width=\u00bb1200px\u00bb inner_width_tablet=\u00bb50px\u00bb inner_max_width_tablet=\u00bb100px\u00bb inner_max_width_phone=\u00bb50px\u00bb box_shadow_horizontal_tablet=\u00bb0px\u00bb box_shadow_vertical_tablet=\u00bb0px\u00bb box_shadow_blur_tablet=\u00bb40px\u00bb box_shadow_spread_tablet=\u00bb0px\u00bb z_index_tablet=\u00bb500&#8243;][et_pb_row admin_label=\u00bbrow\u00bb make_fullwidth=\u00bboff\u00bb use_custom_width=\u00bboff\u00bb width_unit=\u00bbon\u00bb use_custom_gutter=\u00bboff\u00bb padding_mobile=\u00bboff\u00bb allow_player_pause=\u00bboff\u00bb parallax=\u00bboff\u00bb parallax_method=\u00bboff\u00bb make_equal=\u00bboff\u00bb column_padding_mobile=\u00bbon\u00bb module_class=\u00bbtext-bloc-product3-left basic-banner\u00bb background_position=\u00bbtop_left\u00bb background_repeat=\u00bbrepeat\u00bb background_size=\u00bbinitial\u00bb _builder_version=\u00bb3.0.72&#8243; width=\u00bb80%\u00bb max_width=\u00bb1200px\u00bb][et_pb_column type=\u00bb1_2&#8243; custom_padding__hover=\u00bb|||\u00bb custom_padding=\u00bb|||\u00bb parallax_method=\u00bbon\u00bb][et_pb_text admin_label=\u00bbINTRO\u00bb background_layout=\u00bblight\u00bb text_orientation=\u00bbleft\u00bb border_style=\u00bbsolid\u00bb background_position=\u00bbtop_left\u00bb background_repeat=\u00bbrepeat\u00bb background_size=\u00bbinitial\u00bb _builder_version=\u00bb3.0.73&#8243;]<\/p>\n<h1 class=\"h1-les-accessoires\">\u00c1REA DE DISTRIBUIDORES<\/h1>\n<p>Este espacio est\u00e1 reservado para nuestros distribuidores. Aqu\u00ed encontrar\u00e1 todos los elementos que puede necesitar para responder a sus clientes, realizar sus soportes de venta y actualizar sus mobiliario Crosscall.<\/p>\n<p>[\/et_pb_text][et_pb_text admin_label=\u00bbGUIDE D&#8217;UTILISATION\u00bb background_position=\u00bbtop_left\u00bb background_repeat=\u00bbrepeat\u00bb background_size=\u00bbinitial\u00bb _builder_version=\u00bb3.25.4&#8243; module_class=\u00bbdescription-ressources-distri\u00bb saved_tabs=\u00bball\u00bb text_text_shadow_horizontal_length=\u00bbtext_text_shadow_style,%91object Object%93&#8243; text_text_shadow_horizontal_length_tablet=\u00bb0px\u00bb text_text_shadow_vertical_length=\u00bbtext_text_shadow_style,%91object Object%93&#8243; text_text_shadow_vertical_length_tablet=\u00bb0px\u00bb text_text_shadow_blur_strength=\u00bbtext_text_shadow_style,%91object Object%93&#8243; text_text_shadow_blur_strength_tablet=\u00bb1px\u00bb link_text_shadow_horizontal_length=\u00bblink_text_shadow_style,%91object Object%93&#8243; link_text_shadow_horizontal_length_tablet=\u00bb0px\u00bb link_text_shadow_vertical_length=\u00bblink_text_shadow_style,%91object Object%93&#8243; link_text_shadow_vertical_length_tablet=\u00bb0px\u00bb link_text_shadow_blur_strength=\u00bblink_text_shadow_style,%91object Object%93&#8243; link_text_shadow_blur_strength_tablet=\u00bb1px\u00bb ul_text_shadow_horizontal_length=\u00bbul_text_shadow_style,%91object Object%93&#8243; ul_text_shadow_horizontal_length_tablet=\u00bb0px\u00bb ul_text_shadow_vertical_length=\u00bbul_text_shadow_style,%91object Object%93&#8243; ul_text_shadow_vertical_length_tablet=\u00bb0px\u00bb ul_text_shadow_blur_strength=\u00bbul_text_shadow_style,%91object Object%93&#8243; ul_text_shadow_blur_strength_tablet=\u00bb1px\u00bb ol_text_shadow_horizontal_length=\u00bbol_text_shadow_style,%91object Object%93&#8243; ol_text_shadow_horizontal_length_tablet=\u00bb0px\u00bb ol_text_shadow_vertical_length=\u00bbol_text_shadow_style,%91object Object%93&#8243; ol_text_shadow_vertical_length_tablet=\u00bb0px\u00bb ol_text_shadow_blur_strength=\u00bbol_text_shadow_style,%91object Object%93&#8243; ol_text_shadow_blur_strength_tablet=\u00bb1px\u00bb quote_text_shadow_horizontal_length=\u00bbquote_text_shadow_style,%91object Object%93&#8243; quote_text_shadow_horizontal_length_tablet=\u00bb0px\u00bb quote_text_shadow_vertical_length=\u00bbquote_text_shadow_style,%91object Object%93&#8243; quote_text_shadow_vertical_length_tablet=\u00bb0px\u00bb quote_text_shadow_blur_strength=\u00bbquote_text_shadow_style,%91object Object%93&#8243; quote_text_shadow_blur_strength_tablet=\u00bb1px\u00bb header_text_shadow_horizontal_length=\u00bbheader_text_shadow_style,%91object Object%93&#8243; header_text_shadow_horizontal_length_tablet=\u00bb0px\u00bb header_text_shadow_vertical_length=\u00bbheader_text_shadow_style,%91object Object%93&#8243; header_text_shadow_vertical_length_tablet=\u00bb0px\u00bb header_text_shadow_blur_strength=\u00bbheader_text_shadow_style,%91object Object%93&#8243; header_text_shadow_blur_strength_tablet=\u00bb1px\u00bb header_2_text_shadow_horizontal_length=\u00bbheader_2_text_shadow_style,%91object Object%93&#8243; header_2_text_shadow_horizontal_length_tablet=\u00bb0px\u00bb header_2_text_shadow_vertical_length=\u00bbheader_2_text_shadow_style,%91object Object%93&#8243; header_2_text_shadow_vertical_length_tablet=\u00bb0px\u00bb header_2_text_shadow_blur_strength=\u00bbheader_2_text_shadow_style,%91object Object%93&#8243; header_2_text_shadow_blur_strength_tablet=\u00bb1px\u00bb header_3_text_shadow_horizontal_length=\u00bbheader_3_text_shadow_style,%91object Object%93&#8243; header_3_text_shadow_horizontal_length_tablet=\u00bb0px\u00bb header_3_text_shadow_vertical_length=\u00bbheader_3_text_shadow_style,%91object Object%93&#8243; header_3_text_shadow_vertical_length_tablet=\u00bb0px\u00bb header_3_text_shadow_blur_strength=\u00bbheader_3_text_shadow_style,%91object Object%93&#8243; header_3_text_shadow_blur_strength_tablet=\u00bb1px\u00bb header_4_text_shadow_horizontal_length=\u00bbheader_4_text_shadow_style,%91object Object%93&#8243; header_4_text_shadow_horizontal_length_tablet=\u00bb0px\u00bb header_4_text_shadow_vertical_length=\u00bbheader_4_text_shadow_style,%91object Object%93&#8243; header_4_text_shadow_vertical_length_tablet=\u00bb0px\u00bb header_4_text_shadow_blur_strength=\u00bbheader_4_text_shadow_style,%91object Object%93&#8243; header_4_text_shadow_blur_strength_tablet=\u00bb1px\u00bb header_5_text_shadow_horizontal_length=\u00bbheader_5_text_shadow_style,%91object Object%93&#8243; header_5_text_shadow_horizontal_length_tablet=\u00bb0px\u00bb header_5_text_shadow_vertical_length=\u00bbheader_5_text_shadow_style,%91object Object%93&#8243; header_5_text_shadow_vertical_length_tablet=\u00bb0px\u00bb header_5_text_shadow_blur_strength=\u00bbheader_5_text_shadow_style,%91object Object%93&#8243; header_5_text_shadow_blur_strength_tablet=\u00bb1px\u00bb header_6_text_shadow_horizontal_length=\u00bbheader_6_text_shadow_style,%91object Object%93&#8243; header_6_text_shadow_horizontal_length_tablet=\u00bb0px\u00bb header_6_text_shadow_vertical_length=\u00bbheader_6_text_shadow_style,%91object Object%93&#8243; header_6_text_shadow_vertical_length_tablet=\u00bb0px\u00bb header_6_text_shadow_blur_strength=\u00bbheader_6_text_shadow_style,%91object Object%93&#8243; header_6_text_shadow_blur_strength_tablet=\u00bb1px\u00bb box_shadow_horizontal_tablet=\u00bb0px\u00bb box_shadow_vertical_tablet=\u00bb0px\u00bb box_shadow_blur_tablet=\u00bb40px\u00bb box_shadow_spread_tablet=\u00bb0px\u00bb z_index_tablet=\u00bb500&#8243; \/][\/et_pb_column][et_pb_column type=\u00bb1_2&#8243; custom_padding__hover=\u00bb|||\u00bb custom_padding=\u00bb|||\u00bb parallax_method=\u00bbon\u00bb][\/et_pb_column][\/et_pb_row][\/et_pb_section][et_pb_section bb_built=\u00bb1&#8243; fullwidth=\u00bboff\u00bb specialty=\u00bboff\u00bb _builder_version=\u00bb3.0.72&#8243; prev_background_color=\u00bb#000000&#8243; inner_width=\u00bbauto\u00bb inner_max_width=\u00bb1200px\u00bb][et_pb_row _builder_version=\u00bb3.0.72&#8243; width=\u00bb80%\u00bb max_width=\u00bb1200px\u00bb][et_pb_column type=\u00bb4_4&#8243; custom_padding__hover=\u00bb|||\u00bb custom_padding=\u00bb|||\u00bb][et_pb_text admin_label=\u00bbMENU\u00bb _builder_version=\u00bb3.25.4&#8243; module_class=\u00bbmenu-selection-distri\u00bb text_text_shadow_horizontal_length=\u00bbtext_text_shadow_style,%91object Object%93&#8243; text_text_shadow_horizontal_length_tablet=\u00bb0px\u00bb text_text_shadow_vertical_length=\u00bbtext_text_shadow_style,%91object Object%93&#8243; text_text_shadow_vertical_length_tablet=\u00bb0px\u00bb text_text_shadow_blur_strength=\u00bbtext_text_shadow_style,%91object Object%93&#8243; text_text_shadow_blur_strength_tablet=\u00bb1px\u00bb link_text_shadow_horizontal_length=\u00bblink_text_shadow_style,%91object Object%93&#8243; link_text_shadow_horizontal_length_tablet=\u00bb0px\u00bb link_text_shadow_vertical_length=\u00bblink_text_shadow_style,%91object Object%93&#8243; link_text_shadow_vertical_length_tablet=\u00bb0px\u00bb link_text_shadow_blur_strength=\u00bblink_text_shadow_style,%91object Object%93&#8243; link_text_shadow_blur_strength_tablet=\u00bb1px\u00bb ul_text_shadow_horizontal_length=\u00bbul_text_shadow_style,%91object Object%93&#8243; ul_text_shadow_horizontal_length_tablet=\u00bb0px\u00bb ul_text_shadow_vertical_length=\u00bbul_text_shadow_style,%91object Object%93&#8243; ul_text_shadow_vertical_length_tablet=\u00bb0px\u00bb ul_text_shadow_blur_strength=\u00bbul_text_shadow_style,%91object Object%93&#8243; ul_text_shadow_blur_strength_tablet=\u00bb1px\u00bb ol_text_shadow_horizontal_length=\u00bbol_text_shadow_style,%91object Object%93&#8243; ol_text_shadow_horizontal_length_tablet=\u00bb0px\u00bb ol_text_shadow_vertical_length=\u00bbol_text_shadow_style,%91object Object%93&#8243; ol_text_shadow_vertical_length_tablet=\u00bb0px\u00bb ol_text_shadow_blur_strength=\u00bbol_text_shadow_style,%91object Object%93&#8243; ol_text_shadow_blur_strength_tablet=\u00bb1px\u00bb quote_text_shadow_horizontal_length=\u00bbquote_text_shadow_style,%91object Object%93&#8243; quote_text_shadow_horizontal_length_tablet=\u00bb0px\u00bb quote_text_shadow_vertical_length=\u00bbquote_text_shadow_style,%91object Object%93&#8243; quote_text_shadow_vertical_length_tablet=\u00bb0px\u00bb quote_text_shadow_blur_strength=\u00bbquote_text_shadow_style,%91object Object%93&#8243; quote_text_shadow_blur_strength_tablet=\u00bb1px\u00bb header_text_shadow_horizontal_length=\u00bbheader_text_shadow_style,%91object Object%93&#8243; header_text_shadow_horizontal_length_tablet=\u00bb0px\u00bb header_text_shadow_vertical_length=\u00bbheader_text_shadow_style,%91object Object%93&#8243; header_text_shadow_vertical_length_tablet=\u00bb0px\u00bb header_text_shadow_blur_strength=\u00bbheader_text_shadow_style,%91object Object%93&#8243; header_text_shadow_blur_strength_tablet=\u00bb1px\u00bb header_2_text_shadow_horizontal_length=\u00bbheader_2_text_shadow_style,%91object Object%93&#8243; header_2_text_shadow_horizontal_length_tablet=\u00bb0px\u00bb header_2_text_shadow_vertical_length=\u00bbheader_2_text_shadow_style,%91object Object%93&#8243; header_2_text_shadow_vertical_length_tablet=\u00bb0px\u00bb header_2_text_shadow_blur_strength=\u00bbheader_2_text_shadow_style,%91object Object%93&#8243; header_2_text_shadow_blur_strength_tablet=\u00bb1px\u00bb header_3_text_shadow_horizontal_length=\u00bbheader_3_text_shadow_style,%91object Object%93&#8243; header_3_text_shadow_horizontal_length_tablet=\u00bb0px\u00bb header_3_text_shadow_vertical_length=\u00bbheader_3_text_shadow_style,%91object Object%93&#8243; header_3_text_shadow_vertical_length_tablet=\u00bb0px\u00bb header_3_text_shadow_blur_strength=\u00bbheader_3_text_shadow_style,%91object Object%93&#8243; header_3_text_shadow_blur_strength_tablet=\u00bb1px\u00bb header_4_text_shadow_horizontal_length=\u00bbheader_4_text_shadow_style,%91object Object%93&#8243; header_4_text_shadow_horizontal_length_tablet=\u00bb0px\u00bb header_4_text_shadow_vertical_length=\u00bbheader_4_text_shadow_style,%91object Object%93&#8243; header_4_text_shadow_vertical_length_tablet=\u00bb0px\u00bb header_4_text_shadow_blur_strength=\u00bbheader_4_text_shadow_style,%91object Object%93&#8243; header_4_text_shadow_blur_strength_tablet=\u00bb1px\u00bb header_5_text_shadow_horizontal_length=\u00bbheader_5_text_shadow_style,%91object Object%93&#8243; header_5_text_shadow_horizontal_length_tablet=\u00bb0px\u00bb header_5_text_shadow_vertical_length=\u00bbheader_5_text_shadow_style,%91object Object%93&#8243; header_5_text_shadow_vertical_length_tablet=\u00bb0px\u00bb header_5_text_shadow_blur_strength=\u00bbheader_5_text_shadow_style,%91object Object%93&#8243; header_5_text_shadow_blur_strength_tablet=\u00bb1px\u00bb header_6_text_shadow_horizontal_length=\u00bbheader_6_text_shadow_style,%91object Object%93&#8243; header_6_text_shadow_horizontal_length_tablet=\u00bb0px\u00bb header_6_text_shadow_vertical_length=\u00bbheader_6_text_shadow_style,%91object Object%93&#8243; header_6_text_shadow_vertical_length_tablet=\u00bb0px\u00bb header_6_text_shadow_blur_strength=\u00bbheader_6_text_shadow_style,%91object Object%93&#8243; header_6_text_shadow_blur_strength_tablet=\u00bb1px\u00bb box_shadow_horizontal_tablet=\u00bb0px\u00bb box_shadow_vertical_tablet=\u00bb0px\u00bb box_shadow_blur_tablet=\u00bb40px\u00bb box_shadow_spread_tablet=\u00bb0px\u00bb z_index_tablet=\u00bb500&#8243;]<\/p>\n<p><a href=\"https:\/\/content.crosscall.com\/\/es\/area-de-distribuidores\/visuales-y-videos-de-los-productos\/\"><\/p>\n<div class=\"bg-menu-basic\">VISUALES Y VIDEOS DE LOS PRODUCTOS<\/div>\n<p><\/a><a href=\"https:\/\/content.crosscall.com\/\/es\/area-de-distribuidores\/fichas-de-productos\/\"><\/p>\n<div class=\"bg-menu-basic\">FICHAS DE PRODUCTOS<\/div>\n<p><\/a><a href=\"https:\/\/content.crosscall.com\/\/es\/area-de-distribuidores\/videos-crosscall\/\"><\/p>\n<div class=\"bg-menu-basic\">VIDEOS CROSSCALL<\/div>\n<p><\/a><a href=\"https:\/\/content.crosscall.com\/\/es\/area-de-distribuidores\/logotipos-crosscall\/\"><\/p>\n<div class=\"bg-menu-basic\">LOGOTIPOS CROSSCALL<\/div>\n<p><\/a><a href=\"https:\/\/content.crosscall.com\/\/es\/area-de-distribuidores\/documentos-de-soporte-de-ventas\/\"><\/p>\n<div class=\"bg-menu-basic\">DOCUMENTOS DE SOPORTE DE VENTAS<\/div>\n<p><\/a><a href=\"https:\/\/content.crosscall.com\/\/es\/area-de-distribuidores\/promociones\/\"><\/p>\n<div class=\"bg-menu-basic\">PROMOCIONES<\/div>\n<p><\/a><a href=\"https:\/\/content.crosscall.com\/\/es\/area-de-distribuidores\/actualizaciones-display\/\"><\/p>\n<div class=\"bg-menu-basic\">ACTUALIZACIONES DISPLAY<\/div>\n<p><\/a><a href=\"https:\/\/content.crosscall.com\/\/es\/sav\/\"><\/p>\n<div class=\"bg-menu-basic\">PROCESO DE SERVICIO POSTVENTA<\/div>\n<p><\/a><\/p>\n<p>[\/et_pb_text][et_pb_text admin_label=\u00bbMENU\u00bb _builder_version=\u00bb3.0.73&#8243; background_layout=\u00bblight\u00bb text_orientation=\u00bbleft\u00bb border_style=\u00bbsolid\u00bb module_class=\u00bbmenu-selection-distri\u00bb disabled_on=\u00bbon|on|on\u00bb disabled=\u00bbon\u00bb]<\/p>\n<p><a href=\"\/?page_id=50726\"><\/p>\n<div class=\"bg-menu-basic\"><img decoding=\"async\" src=\"https:\/\/content.crosscall.com\/\/wp-content\/uploads\/2018\/02\/ESPACE-DISTRI-VISUELS.svg\" class=\"picto-menu-distri\">VISUELS<\/div>\n<p><\/a><a href=\"\/?page_id=50626\"><\/p>\n<div class=\"bg-menu-basic\">FICHES PRODUITS<\/div>\n<p><\/a><a href=\"\/?p=23616\"><\/p>\n<div class=\"bg-menu-basic\">LOGO CROSSCALL<\/div>\n<p><\/a><a href=\"\/?page_id=45659\"><\/p>\n<div class=\"bg-menu-basic\">DOCUMENTS D&#8217;AIDE \u00c0 LA VENTE<\/div>\n<p><\/a><a href=\"\/?page_id=45671\"><\/p>\n<div class=\"bg-menu-basic\">OFFRES SPECIALES<\/div>\n<p><\/a><a href=\"\/?page_id=45675\"><\/p>\n<div class=\"bg-menu-basic\">MEUBLES DISPLAY<\/div>\n<p><\/a><a href=\"\/?page_id=45692\"><\/p>\n<div class=\"bg-menu-basic\">PROCESS SAV<\/div>\n<p><\/a><a href=\"\/?page_id=45702\"><\/p>\n<div class=\"bg-menu-basic\">\u00c0 PROPOS DE CROSSCALL<\/div>\n<p><\/a><\/p>\n<p>[\/et_pb_text][\/et_pb_column][\/et_pb_row][et_pb_row custom_margin_last_edited=\u00bbon|tablet\u00bb custom_padding_phone=\u00bb||25px|\u00bb custom_padding_last_edited=\u00bbon|phone\u00bb background_position=\u00bbtop_left\u00bb background_repeat=\u00bbrepeat\u00bb background_size=\u00bbinitial\u00bb _builder_version=\u00bb3.0.72&#8243; width=\u00bb80%\u00bb max_width=\u00bb1200px\u00bb][et_pb_column type=\u00bb4_4&#8243; custom_padding__hover=\u00bb|||\u00bb custom_padding=\u00bb|||\u00bb parallax_method=\u00bbon\u00bb][et_pb_text admin_label=\u00bbBANDEAU ATTENTION\u00bb text_line_height=\u00bb2em\u00bb background_layout=\u00bblight\u00bb text_orientation=\u00bbcenter\u00bb background_position=\u00bbtop_left\u00bb background_repeat=\u00bbrepeat\u00bb background_size=\u00bbinitial\u00bb _builder_version=\u00bb3.0.105&#8243; module_alignment=\u00bbcenter\u00bb]<\/p>\n<div class=\"bandeauwarningred\">\n<p style=\"line-height: 2em;\"><img decoding=\"async\" style=\"width: 25px; height: auto; margin-bottom: -8px; margin-right: 10px; opacity: 1.0;\" src=\"https:\/\/content.crosscall.com\/\/wp-content\/uploads\/2017\/12\/WARNING-ICON-WHITE.svg\" alt=\"attention\"> ADVERTENCIA: nuestros servicios deben aprobar todos los elementos que se usan con fines comerciales (cat\u00e1logos, carteles, etc.).<\/p>\n<\/div>\n<p>[\/et_pb_text][\/et_pb_column][\/et_pb_row][\/et_pb_section]<\/p>\n","protected":false},"excerpt":{"rendered":"<p>\u00c1REA DE DISTRIBUIDORES Este espacio est\u00e1 reservado para nuestros distribuidores. Aqu\u00ed encontrar\u00e1 todos los elementos que puede necesitar para responder a sus clientes, realizar sus soportes de venta y actualizar sus mobiliario Crosscall. VISUALES Y VIDEOS DE LOS PRODUCTOSFICHAS DE PRODUCTOSVIDEOS CROSSCALLLOGOTIPOS CROSSCALLDOCUMENTOS DE SOPORTE DE VENTASPROMOCIONESACTUALIZACIONES DISPLAYPROCESO DE SERVICIO POSTVENTA VISUELSFICHES PRODUITSLOGO CROSSCALLDOCUMENTS D&#8217;AIDE [&hellip;]<\/p>\n","protected":false},"author":61,"featured_media":21449,"parent":0,"menu_order":0,"comment_status":"closed","ping_status":"closed","template":"","meta":{"_et_pb_use_builder":"on","_et_pb_old_content":"<p>\u00a0<\/p><p>This is an example page. It's different from a blog post because it will stay in one place and will show up in your site navigation (in most themes). Most people start with an About page that introduces them to potential site visitors. It might say something like this:<\/p><blockquote><p>Hi there! I'm a bike messenger by day, aspiring actor by night, and this is my blog. I live in Los Angeles, have a great dog named Jack, and I like pi\u00f1a coladas. (And gettin' caught in the rain.)<\/p><\/blockquote><p>...or something like this:<\/p><blockquote><p>The XYZ Doohickey Company was founded in 1971, and has been providing quality doohickeys to the public ever since. Located in Gotham City, XYZ employs over 2,000 people and does all kinds of awesome things for the Gotham community.<\/p><\/blockquote><p>As a new WordPress user, you should go to <a href=\"http:\/\/crosscall.com\/wp-admin\/\">your dashboard<\/a> to delete this page and create new pages for your content. Have fun!<\/p>","_et_gb_content_width":"","footnotes":""},"class_list":["post-54395","page","type-page","status-publish","has-post-thumbnail","hentry"],"_links":{"self":[{"href":"https:\/\/content.crosscall.com\/es\/wp-json\/wp\/v2\/pages\/54395","targetHints":{"allow":["GET"]}}],"collection":[{"href":"https:\/\/content.crosscall.com\/es\/wp-json\/wp\/v2\/pages"}],"about":[{"href":"https:\/\/content.crosscall.com\/es\/wp-json\/wp\/v2\/types\/page"}],"author":[{"embeddable":true,"href":"https:\/\/content.crosscall.com\/es\/wp-json\/wp\/v2\/users\/61"}],"replies":[{"embeddable":true,"href":"https:\/\/content.crosscall.com\/es\/wp-json\/wp\/v2\/comments?post=54395"}],"version-history":[{"count":0,"href":"https:\/\/content.crosscall.com\/es\/wp-json\/wp\/v2\/pages\/54395\/revisions"}],"wp:featuredmedia":[{"embeddable":true,"href":"https:\/\/content.crosscall.com\/es\/wp-json\/wp\/v2\/media\/21449"}],"wp:attachment":[{"href":"https:\/\/content.crosscall.com\/es\/wp-json\/wp\/v2\/media?parent=54395"}],"curies":[{"name":"wp","href":"https:\/\/api.w.org\/{rel}","templated":true}]}}